{"id":1617,"date":"2013-01-23T10:58:22","date_gmt":"2013-01-23T09:58:22","guid":{"rendered":"http:\/\/medimurje.info\/wp\/?page_id=1617"},"modified":"2016-01-25T15:24:21","modified_gmt":"2016-01-25T14:24:21","slug":"medimurski-fasnik","status":"publish","type":"page","link":"https:\/\/medimurje.info\/wp\/medimurski-fasnik\/","title":{"rendered":"Me\u0111imurski fa\u0161nik"},"content":{"rendered":"<p style=\"text-align: justify;\"><div class=\"otw-sc-box otw-pattern-1\"><div>Gotovo u svim ve\u0107im naseljima diljem Me\u0111imurja organiziraju se karnevalske povorke. Najve\u0107a je u centru \u010cakovca gdje se prikazuju izvorne maske karakteristi\u010dne samo za Me\u0111imurje. Uz zabavni program i karnevalske ludorije okupi se i desetak tisu\u0107a posjetitelja.<\/div><\/div>\n[vsel event_cat=&#8221;fasnik&#8221;]\n<p style=\"text-align: justify;\">Grad \u010cakovec jedan je od 5 gradova osniva\u010da Saveza karnevalskih gradova Hrvatske, a od 1995. godine pripada i Europskoj udruzi karnevalskih gradova FECC sa sjedi\u0161tem u Nizozemskoj. Predstavnik TZG \u010cakovca \u010dlan je nadzornog odbora Udruge karnevalskih gradova Hrvatske. Stoga ne \u010dudi da je me\u0111imurski fa\u0161nik centralni fa\u0161ni\u010dki doga\u0111aj u Me\u0111imurju i \u0161ire. U 3 dana gradom pro\u0111e vi\u0161e od 1.500 izvo\u0111a\u010da iz cijele Hrvatske i inozemstva. Program je podijeljen na svjetovni, dje\u010dji i tradicijski fa\u0161nik.<\/p>\n<hr \/>\n<style type=\"text\/css\">\n#foogallery-gallery-39036.fg-justified .fg-item { margin-right: 1px; margin-bottom: 1px; }\n#foogallery-gallery-39036.fg-justified .fg-image { height: 150px; }<\/style>\n\t\t\t<div class=\"foogallery foogallery-container foogallery-justified foogallery-lightbox-foobox-free fg-justified fg-ready fg-light fg-loading-default fg-loaded-fade-in fg-hover-fade\" id=\"foogallery-gallery-39036\" data-foogallery=\"{&quot;item&quot;:{&quot;showCaptionTitle&quot;:true,&quot;showCaptionDescription&quot;:true},&quot;lazy&quot;:true,&quot;template&quot;:{&quot;rowHeight&quot;:150,&quot;maxRowHeight&quot;:300,&quot;margins&quot;:1,&quot;align&quot;:&quot;center&quot;,&quot;lastRow&quot;:&quot;smart&quot;}}\" style=\"--fg-title-line-clamp: 0; --fg-description-line-clamp: 0;\" >\n\t<div class=\"fg-item fg-type-image fg-idle\"><figure class=\"fg-item-inner\"><a href=\"https:\/\/medimurje.info\/wp\/wp-content\/uploads\/2013\/01\/fasnik1.jpg\" data-attachment-id=\"1626\" data-type=\"image\" class=\"fg-thumb\"><span class=\"fg-image-wrap\"><img height=\"300\" width=\"415\" class=\"skip-lazy fg-image\" data-src-fg=\"https:\/\/medimurje.info\/wp\/wp-content\/uploads\/cache\/2013\/01\/fasnik1\/1574773619.jpg\" src=\"data:image\/svg+xml,%3Csvg%20xmlns%3D%22http%3A%2F%2Fwww.w3.org%2F2000%2Fsvg%22%20width%3D%22415%22%20height%3D%22300%22%20viewBox%3D%220%200%20415%20300%22%3E%3C%2Fsvg%3E\" loading=\"eager\"><\/span><span class=\"fg-image-overlay\"><\/span><\/a><\/figure><div class=\"fg-loader\"><\/div><\/div><div class=\"fg-item fg-type-image fg-idle\"><figure class=\"fg-item-inner\"><a href=\"https:\/\/medimurje.info\/wp\/wp-content\/uploads\/2013\/01\/fasnik-wide.jpg\" data-attachment-id=\"1635\" data-type=\"image\" class=\"fg-thumb\"><span class=\"fg-image-wrap\"><img height=\"300\" width=\"845\" class=\"skip-lazy fg-image\" data-src-fg=\"https:\/\/medimurje.info\/wp\/wp-content\/uploads\/cache\/2013\/01\/fasnik-wide\/4113700384.jpg\" src=\"data:image\/svg+xml,%3Csvg%20xmlns%3D%22http%3A%2F%2Fwww.w3.org%2F2000%2Fsvg%22%20width%3D%22845%22%20height%3D%22300%22%20viewBox%3D%220%200%20845%20300%22%3E%3C%2Fsvg%3E\" loading=\"eager\"><\/span><span class=\"fg-image-overlay\"><\/span><\/a><\/figure><div class=\"fg-loader\"><\/div><\/div><div class=\"fg-item fg-type-image fg-idle\"><figure class=\"fg-item-inner\"><a href=\"https:\/\/medimurje.info\/wp\/wp-content\/uploads\/2013\/01\/fasnik.jpg\" data-attachment-id=\"1644\" data-type=\"image\" class=\"fg-thumb\"><span class=\"fg-image-wrap\"><img alt=\"Me\u0111imurski fa\u0161nik\" height=\"300\" width=\"388\" class=\"skip-lazy fg-image\" data-src-fg=\"https:\/\/medimurje.info\/wp\/wp-content\/uploads\/cache\/2013\/01\/fasnik\/1746631296.jpg\" src=\"data:image\/svg+xml,%3Csvg%20xmlns%3D%22http%3A%2F%2Fwww.w3.org%2F2000%2Fsvg%22%20width%3D%22388%22%20height%3D%22300%22%20viewBox%3D%220%200%20388%20300%22%3E%3C%2Fsvg%3E\" loading=\"eager\"><\/span><span class=\"fg-image-overlay\"><\/span><\/a><\/figure><div class=\"fg-loader\"><\/div><\/div><div class=\"fg-item fg-type-image fg-idle\"><figure class=\"fg-item-inner\"><a href=\"https:\/\/medimurje.info\/wp\/wp-content\/uploads\/2016\/01\/fasnik3.jpg\" data-attachment-id=\"39037\" data-type=\"image\" class=\"fg-thumb\"><span class=\"fg-image-wrap\"><img height=\"300\" width=\"400\" class=\"skip-lazy fg-image\" data-src-fg=\"https:\/\/medimurje.info\/wp\/wp-content\/uploads\/cache\/2016\/01\/fasnik3\/3716670109.jpg\" src=\"data:image\/svg+xml,%3Csvg%20xmlns%3D%22http%3A%2F%2Fwww.w3.org%2F2000%2Fsvg%22%20width%3D%22400%22%20height%3D%22300%22%20viewBox%3D%220%200%20400%20300%22%3E%3C%2Fsvg%3E\" loading=\"eager\"><\/span><span class=\"fg-image-overlay\"><\/span><\/a><\/figure><div class=\"fg-loader\"><\/div><\/div><div class=\"fg-item fg-type-image fg-idle\"><figure class=\"fg-item-inner\"><a href=\"https:\/\/medimurje.info\/wp\/wp-content\/uploads\/2016\/01\/fasnik4.jpg\" data-attachment-id=\"39038\" data-type=\"image\" class=\"fg-thumb\"><span class=\"fg-image-wrap\"><img height=\"300\" width=\"400\" class=\"skip-lazy fg-image\" data-src-fg=\"https:\/\/medimurje.info\/wp\/wp-content\/uploads\/cache\/2016\/01\/fasnik4\/4260244976.jpg\" src=\"data:image\/svg+xml,%3Csvg%20xmlns%3D%22http%3A%2F%2Fwww.w3.org%2F2000%2Fsvg%22%20width%3D%22400%22%20height%3D%22300%22%20viewBox%3D%220%200%20400%20300%22%3E%3C%2Fsvg%3E\" loading=\"eager\"><\/span><span class=\"fg-image-overlay\"><\/span><\/a><\/figure><div class=\"fg-loader\"><\/div><\/div><div class=\"fg-item fg-type-image fg-idle\"><figure class=\"fg-item-inner\"><a href=\"https:\/\/medimurje.info\/wp\/wp-content\/uploads\/2016\/01\/fasnik5.jpg\" data-attachment-id=\"39039\" data-type=\"image\" class=\"fg-thumb\"><span class=\"fg-image-wrap\"><img height=\"300\" width=\"400\" class=\"skip-lazy fg-image\" data-src-fg=\"https:\/\/medimurje.info\/wp\/wp-content\/uploads\/cache\/2016\/01\/fasnik5\/2760099326.jpg\" src=\"data:image\/svg+xml,%3Csvg%20xmlns%3D%22http%3A%2F%2Fwww.w3.org%2F2000%2Fsvg%22%20width%3D%22400%22%20height%3D%22300%22%20viewBox%3D%220%200%20400%20300%22%3E%3C%2Fsvg%3E\" loading=\"eager\"><\/span><span class=\"fg-image-overlay\"><\/span><\/a><\/figure><div class=\"fg-loader\"><\/div><\/div><\/div>\n\n","protected":false},"excerpt":{"rendered":"<p>Gotovo u svim ve\u0107im naseljima diljem Me\u0111imurja organiziraju se karnevalske povorke. Najve\u0107a je u centru \u010cakovca gdje se prikazuju izvorne maske karakteristi\u010dne samo za Me\u0111imurje&#8230;<\/p>\n","protected":false},"author":1,"featured_media":37832,"parent":0,"menu_order":0,"comment_status":"closed","ping_status":"closed","template":"","meta":{"footnotes":"","_links_to":"","_links_to_target":""},"class_list":["post-1617","page","type-page","status-publish","has-post-thumbnail","hentry"],"_links":{"self":[{"href":"https:\/\/medimurje.info\/wp\/wp-json\/wp\/v2\/pages\/1617","targetHints":{"allow":["GET"]}}],"collection":[{"href":"https:\/\/medimurje.info\/wp\/wp-json\/wp\/v2\/pages"}],"about":[{"href":"https:\/\/medimurje.info\/wp\/wp-json\/wp\/v2\/types\/page"}],"author":[{"embeddable":true,"href":"https:\/\/medimurje.info\/wp\/wp-json\/wp\/v2\/users\/1"}],"replies":[{"embeddable":true,"href":"https:\/\/medimurje.info\/wp\/wp-json\/wp\/v2\/comments?post=1617"}],"version-history":[{"count":37,"href":"https:\/\/medimurje.info\/wp\/wp-json\/wp\/v2\/pages\/1617\/revisions"}],"predecessor-version":[{"id":39379,"href":"https:\/\/medimurje.info\/wp\/wp-json\/wp\/v2\/pages\/1617\/revisions\/39379"}],"wp:featuredmedia":[{"embeddable":true,"href":"https:\/\/medimurje.info\/wp\/wp-json\/wp\/v2\/media\/37832"}],"wp:attachment":[{"href":"https:\/\/medimurje.info\/wp\/wp-json\/wp\/v2\/media?parent=1617"}],"curies":[{"name":"wp","href":"https:\/\/api.w.org\/{rel}","templated":true}]}}